{"id":601,"date":"2020-07-22T23:54:14","date_gmt":"2020-07-22T23:54:14","guid":{"rendered":"http:\/\/www.electrans.es\/senalizacion-tranviaria\/"},"modified":"2024-08-27T11:35:51","modified_gmt":"2024-08-27T11:35:51","slug":"sistemes-tranviaris","status":"publish","type":"page","link":"https:\/\/www.electrans.es\/ca\/sistemes-tranviaris\/","title":{"rendered":"Protecci\u00f3 autom\u00e0tica del tren (ATP)"},"content":{"rendered":"[vc_row type=&#8221;full_width_background&#8221; full_screen_row_position=&#8221;middle&#8221; column_margin=&#8221;default&#8221; equal_height=&#8221;yes&#8221; content_placement=&#8221;middle&#8221; column_direction=&#8221;default&#8221; column_direction_tablet=&#8221;default&#8221; column_direction_phone=&#8221;default&#8221; bg_color=&#8221;#6a6b6f&#8221; bg_image=&#8221;434&#8243; bg_position=&#8221;center center&#8221; bg_repeat=&#8221;no-repeat&#8221; scene_position=&#8221;center&#8221; top_padding=&#8221;5%&#8221; bottom_padding=&#8221;13%&#8221; text_color=&#8221;light&#8221; text_align=&#8221;left&#8221; row_border_radius=&#8221;none&#8221; row_border_radius_applies=&#8221;bg&#8221; id=&#8221;built-by-riders&#8221; row_name=&#8221;Built By Riders&#8221; color_overlay=&#8221;#004074&#8243; overlay_strength=&#8221;0.5&#8243; gradient_direction=&#8221;left_to_right&#8221; enable_shape_divider=&#8221;true&#8221; shape_divider_position=&#8221;bottom&#8221; shape_divider_height=&#8221;200&#8243; bg_image_animation=&#8221;fade-in&#8221; shape_type=&#8221;tilt_alt&#8221;][vc_column column_padding=&#8221;no-extra-padding&#8221; column_padding_tablet=&#8221;inherit&#8221; column_padding_phone=&#8221;inherit&#8221; column_padding_position=&#8221;all&#8221; background_color_opacity=&#8221;1&#8243; background_hover_color_opacity=&#8221;1&#8243; column_shadow=&#8221;none&#8221; column_border_radius=&#8221;none&#8221; column_link_target=&#8221;_self&#8221; gradient_direction=&#8221;left_to_right&#8221; overlay_strength=&#8221;0.3&#8243; width=&#8221;1\/2&#8243; tablet_width_inherit=&#8221;default&#8221; tablet_text_alignment=&#8221;default&#8221; phone_text_alignment=&#8221;default&#8221; column_border_width=&#8221;none&#8221; column_border_style=&#8221;solid&#8221; bg_image_animation=&#8221;none&#8221;][nectar_cascading_images image_1_bg_color=&#8221;rgba(191,191,191,0.01)&#8221; image_1_offset_x_sign=&#8221;+&#8221; image_1_offset_x=&#8221;0%&#8221; image_1_offset_y_sign=&#8221;+&#8221; image_1_offset_y=&#8221;0%&#8221; image_1_rotate_sign=&#8221;+&#8221; image_1_rotate=&#8221;none&#8221; image_1_scale=&#8221;1&#8243; image_1_animation=&#8221;Fade In&#8221; image_1_box_shadow=&#8221;none&#8221; image_1_padding=&#8221;auto&#8221; image_1_max_width_desktop=&#8221;100%&#8221; image_1_max_width_mobile=&#8221;100%&#8221; image_1_image_width_mobile=&#8221;default&#8221; image_2_offset_x_sign=&#8221;+&#8221; image_2_offset_x=&#8221;15%&#8221; image_2_offset_y_sign=&#8221;+&#8221; image_2_offset_y=&#8221;25%&#8221; image_2_rotate_sign=&#8221;+&#8221; image_2_rotate=&#8221;none&#8221; image_2_scale=&#8221;1&#8243; image_2_animation=&#8221;Fade In From Left&#8221; image_2_box_shadow=&#8221;none&#8221; image_2_padding=&#8221;auto&#8221; image_2_max_width_desktop=&#8221;100%&#8221; image_2_max_width_mobile=&#8221;100%&#8221; image_2_image_width_mobile=&#8221;default&#8221; image_3_url=&#8221;266&#8243; image_3_offset_x_sign=&#8221;-&#8221; image_3_offset_x=&#8221;30%&#8221; image_3_offset_y_sign=&#8221;-&#8221; image_3_offset_y=&#8221;30%&#8221; image_3_rotate_sign=&#8221;+&#8221; image_3_rotate=&#8221;none&#8221; image_3_scale=&#8221;1&#8243; image_3_animation=&#8221;Fade In From Right&#8221; image_3_box_shadow=&#8221;x_large_depth&#8221; image_3_padding=&#8221;auto&#8221; image_3_max_width_desktop=&#8221;100%&#8221; image_3_max_width_mobile=&#8221;100%&#8221; image_3_image_width_mobile=&#8221;default&#8221; image_4_offset_x_sign=&#8221;+&#8221; image_4_offset_x=&#8221;0%&#8221; image_4_offset_y_sign=&#8221;+&#8221; image_4_offset_y=&#8221;0%&#8221; image_4_rotate_sign=&#8221;+&#8221; image_4_rotate=&#8221;none&#8221; image_4_scale=&#8221;1&#8243; image_4_animation=&#8221;Fade In&#8221; image_4_box_shadow=&#8221;none&#8221; image_4_padding=&#8221;auto&#8221; image_4_max_width_desktop=&#8221;100%&#8221; image_4_max_width_mobile=&#8221;100%&#8221; image_4_image_width_mobile=&#8221;default&#8221; border_radius=&#8221;none&#8221; image_loading=&#8221;default&#8221;][\/vc_column][vc_column column_padding=&#8221;no-extra-padding&#8221; column_padding_tablet=&#8221;inherit&#8221; column_padding_phone=&#8221;inherit&#8221; column_padding_position=&#8221;all&#8221; background_color_opacity=&#8221;1&#8243; background_hover_color_opacity=&#8221;1&#8243; column_shadow=&#8221;none&#8221; column_border_radius=&#8221;none&#8221; column_link_target=&#8221;_self&#8221; gradient_direction=&#8221;left_to_right&#8221; overlay_strength=&#8221;0.3&#8243; width=&#8221;1\/2&#8243; tablet_width_inherit=&#8221;default&#8221; tablet_text_alignment=&#8221;default&#8221; phone_text_alignment=&#8221;default&#8221; column_border_width=&#8221;none&#8221; column_border_style=&#8221;solid&#8221; bg_image_animation=&#8221;none&#8221; enable_animation=&#8221;true&#8221; animation=&#8221;fade-in&#8221;][vc_column_text]\n<h1>Protecci\u00f3 autom\u00e0tica del tren<\/h1>\n[\/vc_column_text][vc_column_text css=&#8221;.vc_custom_1724159540325{margin-top: 20px !important;padding-right: 10% !important;}&#8221;]\n<p style=\"text-align: justify;\">El sistema CAS-E \u00e9s la soluci\u00f3 integral i personalitzada per als operadors de xarxes ferrovi\u00e0ries urbanes que proporciona un tr\u00e0nsit integrat i segur del material rodant i passatgers en entorns urbans, millorant la mobilitat i la seguretat, alhora que redueix l&#8217;impacte entre el material rodant i la resta d&#8217;usuaris de la via.<\/p>\n[\/vc_column_text][\/vc_column][\/vc_row][vc_row type=&#8221;in_container&#8221; full_screen_row_position=&#8221;middle&#8221; column_margin=&#8221;default&#8221; column_direction=&#8221;default&#8221; column_direction_tablet=&#8221;default&#8221; column_direction_phone=&#8221;default&#8221; scene_position=&#8221;center&#8221; top_padding=&#8221;100px&#8221; text_color=&#8221;dark&#8221; text_align=&#8221;left&#8221; row_border_radius=&#8221;none&#8221; row_border_radius_applies=&#8221;bg&#8221; overlay_strength=&#8221;0.3&#8243; gradient_direction=&#8221;left_to_right&#8221; shape_divider_position=&#8221;bottom&#8221; bg_image_animation=&#8221;none&#8221; shape_type=&#8221;&#8221;][vc_column column_padding=&#8221;no-extra-padding&#8221; column_padding_tablet=&#8221;inherit&#8221; column_padding_phone=&#8221;inherit&#8221; column_padding_position=&#8221;all&#8221; background_color_opacity=&#8221;1&#8243; background_hover_color_opacity=&#8221;1&#8243; column_shadow=&#8221;none&#8221; column_border_radius=&#8221;none&#8221; column_link_target=&#8221;_self&#8221; gradient_direction=&#8221;left_to_right&#8221; overlay_strength=&#8221;0.3&#8243; width=&#8221;1\/1&#8243; tablet_width_inherit=&#8221;default&#8221; tablet_text_alignment=&#8221;default&#8221; phone_text_alignment=&#8221;default&#8221; column_border_width=&#8221;none&#8221; column_border_style=&#8221;solid&#8221; bg_image_animation=&#8221;none&#8221;]<div class=\"nectar-fancy-ul\" data-list-icon=\"icon-salient-thin-line\" data-animation=\"true\" data-animation-delay=\"0\" data-color=\"extra-color-3\" data-spacing=\"default\" data-alignment=\"left\"> \n<p style=\"text-align: justify;\">El sistema CAS-E controla i coordina la posici\u00f3 i velocitat del material rodant, protegint-lo de col\u00b7lisions degudes a situacions operatives indesitjables amb la resta del tr\u00e0nsit i evitant que es trobi en rutes conflictives o situacions de perill.<\/p>\n<p style=\"text-align: justify;\">Adequat per a vies principals, estacions, zones de maniobres i \u00e0rees de dip\u00f2sit, el sistema CAS-E compr\u00e8n equips embarcats, exteriors i interiors. Dissenyat per ser compatible amb viaductes elevats, t\u00fanels subterranis o a peu de carrer, el seu equipament en via \u00e9s totalment independent i desacoblat dels carrils, proporcionant una soluci\u00f3 transversal per a tramvies, monora\u00efls i material rodant amb rodes de cautx\u00fa.<\/p>\n <\/div>[\/vc_column][\/vc_row][vc_row type=&#8221;in_container&#8221; full_screen_row_position=&#8221;middle&#8221; column_margin=&#8221;default&#8221; column_direction=&#8221;default&#8221; column_direction_tablet=&#8221;default&#8221; column_direction_phone=&#8221;default&#8221; scene_position=&#8221;center&#8221; top_padding=&#8221;30&#8243; text_color=&#8221;dark&#8221; text_align=&#8221;left&#8221; row_border_radius=&#8221;none&#8221; row_border_radius_applies=&#8221;bg&#8221; overlay_strength=&#8221;0.3&#8243; gradient_direction=&#8221;left_to_right&#8221; shape_divider_position=&#8221;bottom&#8221; bg_image_animation=&#8221;none&#8221; shape_type=&#8221;&#8221;][vc_column column_padding=&#8221;no-extra-padding&#8221; column_padding_tablet=&#8221;inherit&#8221; column_padding_phone=&#8221;inherit&#8221; column_padding_position=&#8221;all&#8221; background_color_opacity=&#8221;1&#8243; background_hover_color_opacity=&#8221;1&#8243; column_shadow=&#8221;none&#8221; column_border_radius=&#8221;none&#8221; column_link_target=&#8221;_self&#8221; gradient_direction=&#8221;left_to_right&#8221; overlay_strength=&#8221;0.3&#8243; width=&#8221;1\/1&#8243; tablet_width_inherit=&#8221;default&#8221; tablet_text_alignment=&#8221;default&#8221; phone_text_alignment=&#8221;default&#8221; column_border_width=&#8221;none&#8221; column_border_style=&#8221;solid&#8221; bg_image_animation=&#8221;none&#8221;][split_line_heading animation_type=&#8221;line-reveal-by-space&#8221; font_style=&#8221;h2&#8243; text_content=&#8221;Funcionalitats del sistema&#8221;][\/split_line_heading]<div class=\"nectar-fancy-ul\" data-list-icon=\"icon-salient-thin-line\" data-animation=\"true\" data-animation-delay=\"0\" data-color=\"extra-color-3\" data-spacing=\"default\" data-alignment=\"left\"> \n<ul>\n<li style=\"text-align: justify;\"><strong>Protecci\u00f3 autom\u00e0tica del tren (ATP) \u2013 Arquitectura SIL-2 \/ SIL-4<\/strong><\/li>\n<li style=\"list-style-type: none;\">\n<ul>\n<li style=\"text-align: justify;\"><strong>Supervisi\u00f3 de velocitat: <\/strong>Des del moment en qu\u00e8 s&#8217;enc\u00e9n el sistema CAS-E, s&#8217;obt\u00e9 la velocitat de les sondes tacom\u00e8triques i \u00e9s analitzada cont\u00ednuament per la unitat de processament embarcada, supervisant al llarg de tota la l\u00ednia, que el tramvia no superi la velocitat m\u00e0xima permesa. Quan el material rodant passa per sobre d&#8217;una balisa emissora, l&#8217;equip embarcat rep les condicions de velocitat del tram de via que t\u00e9 per davant i calcula les corbes de frenat per assolir el punt objectiu amb la velocitat objectiu requerida en condicions de seguretat.<\/li>\n<\/ul>\n<\/li>\n<\/ul>\n <\/div>[image_with_animation image_url=&#8221;6042&#8243; animation=&#8221;Fade In&#8221; hover_animation=&#8221;none&#8221; alignment=&#8221;center&#8221; border_radius=&#8221;none&#8221; box_shadow=&#8221;none&#8221; image_loading=&#8221;default&#8221; max_width=&#8221;100%&#8221; max_width_mobile=&#8221;default&#8221; margin_top=&#8221;-20&#8243;]<div class=\"nectar-fancy-ul\" data-list-icon=\"icon-salient-thin-line\" data-animation=\"true\" data-animation-delay=\"0\" data-color=\"extra-color-3\" data-spacing=\"default\" data-alignment=\"left\"> \n<ul>\n<li style=\"list-style-type: none;\">\n<ul>\n<li style=\"text-align: justify;\"><strong>Rebassament de senyal restrictiu (SPAD): <\/strong>Per evitar que els tramvies sobrepassin les senyals en aspecte restrictiu, s&#8217;instal\u00b7len estrat\u00e8gicament balises emissores:<br \/>\n<span style=\"text-decoration: underline;\">Balisa pr\u00e8via<\/span>: Ubicada a dist\u00e0ncia de frenat de la senyal, indica a l&#8217;equip embarcat que s&#8217;aturi si la senyal mostra un aspecte de parada, calculant les corbes de frenat per a una operaci\u00f3 segura. En cas d&#8217;excedir els l\u00edmits de velocitat, el sistema CAS-E actua mitjan\u00e7ant tres nivells programables o permet la velocitat m\u00e0xima si la senyal \u00e9s permissiva.<br \/>\n<span style=\"text-decoration: underline;\">Balisa de senyal<\/span>: Instal\u00b7lada abans d&#8217;una senyal a dist\u00e0ncia de frenat d&#8217;emerg\u00e8ncia, ordena immediatament el frenat si la senyal mostra un aspecte de parada activant els frens de servei i els frens de seguretat del tramvia si \u00e9s necessari, o envia un comandament \u201cd&#8217;endavant&#8221; si la senyal \u00e9s permissiva. Els aspectes de la senyal es comuniquen a trav\u00e9s del sistema d&#8217;enclavament mitjan\u00e7ant la interf\u00edcie d&#8217;E\/S del Beacon Controller.<\/li>\n<\/ul>\n<\/li>\n<\/ul>\n <\/div>[image_with_animation image_url=&#8221;6046&#8243; animation=&#8221;Fade In&#8221; hover_animation=&#8221;none&#8221; alignment=&#8221;center&#8221; border_radius=&#8221;none&#8221; box_shadow=&#8221;none&#8221; image_loading=&#8221;default&#8221; max_width=&#8221;100%&#8221; max_width_mobile=&#8221;default&#8221; margin_top=&#8221;-20&#8243;]<div class=\"nectar-fancy-ul\" data-list-icon=\"icon-salient-thin-line\" data-animation=\"true\" data-animation-delay=\"0\" data-color=\"extra-color-3\" data-spacing=\"default\" data-alignment=\"left\"> \n<ul>\n<li style=\"text-align: justify;\"><strong>Detecci\u00f3 de material rodant ECB<\/strong> &#8211; <strong>Arquitectura SIL-3: <\/strong>El sistema CAS-E proporciona una detecci\u00f3 d&#8217;\u00faltima generaci\u00f3 que utilitza una comunicaci\u00f3 segura per radiofreq\u00fc\u00e8ncia entre el material rodant i l&#8217;equipament a terra. El sistema CAS-E no requereix, tot i que \u00e9s compatible, l&#8217;\u00fas de circuits de via cl\u00e0ssics o comptadors d&#8217;eixos que ja no s\u00f3n adequats en entorns urbans on es plantegen noves exig\u00e8ncies com l&#8217;est\u00e8tica de la instal\u00b7laci\u00f3, el baix nivell de manteniment i l&#8217;alta disponibilitat. El sistema utilitza balises receptores sobre el terreny per a detectar el pas del material rodant mitjan\u00e7ant la recepci\u00f3 dels missatges de radiofreq\u00fc\u00e8ncia emesos cont\u00ednuament per les antenes embarcades situades sota les cabines de conducci\u00f3. Com a resultat, el Beacon Controller pot transmetre a l&#8217;enclavament quan el cap i la part posterior del material rodant estan assolint un punt i determinar la seva posici\u00f3 a la via.<\/li>\n<\/ul>\n <\/div>[image_with_animation image_url=&#8221;6050&#8243; animation=&#8221;Fade In&#8221; hover_animation=&#8221;none&#8221; alignment=&#8221;center&#8221; border_radius=&#8221;none&#8221; box_shadow=&#8221;none&#8221; image_loading=&#8221;default&#8221; max_width=&#8221;100%&#8221; max_width_mobile=&#8221;default&#8221; margin_top=&#8221;-20&#8243;]<div class=\"nectar-fancy-ul\" data-list-icon=\"icon-salient-thin-line\" data-animation=\"true\" data-animation-delay=\"0\" data-color=\"extra-color-3\" data-spacing=\"default\" data-alignment=\"left\"> \n<ul>\n<li style=\"text-align: justify;\"><strong>Sol\u00b7licitud d&#8217;itineraris: <\/strong>En el sistema CAS-E, les sol\u00b7licituds d&#8217;itineraris recta, dreta, esquerra poden ser enviades a trav\u00e9s dels polsadors a bord accionats pel maquinista o autom\u00e0ticament pel sistema de gesti\u00f3 del tr\u00e0nsit (SAE). Aquestes sol\u00b7licituds, transmeses cont\u00ednuament per l&#8217;antena embarcada, especifiquen la ruta desitjada dins d&#8217;una finestra de 10 segons o 100 metres. Si no es realitza cap sol\u00b7licitud espec\u00edfica, es transmet una sol\u00b7licitud predeterminada &#8220;No pressionat&#8221;. Una balisa receptora situada abans d&#8217;un punt d&#8217;encreuament rep aquests missatges i els transmet a un Beacon Controller, que es comunica amb l&#8217;enclavament, i aquest \u00faltim bloqueja la ruta si les condicions de seguretat ho permeten.<\/li>\n<li style=\"text-align: justify;\"><strong>Funcionalitats auxiliars: <\/strong>Enlla\u00e7 de balises, restriccions temporals de velocitat, actualitzaci\u00f3 d&#8217;ubicaci\u00f3 SAE, anti-retroc\u00e9s, gesti\u00f3 de portes, registre d&#8217;esdeveniments i alarmes.<\/li>\n<\/ul>\n <\/div>[\/vc_column][\/vc_row][vc_row type=&#8221;in_container&#8221; full_screen_row_position=&#8221;middle&#8221; column_margin=&#8221;default&#8221; column_direction=&#8221;default&#8221; column_direction_tablet=&#8221;default&#8221; column_direction_phone=&#8221;default&#8221; scene_position=&#8221;center&#8221; text_color=&#8221;dark&#8221; text_align=&#8221;left&#8221; row_border_radius=&#8221;none&#8221; row_border_radius_applies=&#8221;bg&#8221; overlay_strength=&#8221;0.3&#8243; gradient_direction=&#8221;left_to_right&#8221; shape_divider_position=&#8221;bottom&#8221; bg_image_animation=&#8221;none&#8221; shape_type=&#8221;&#8221;][vc_column column_padding=&#8221;no-extra-padding&#8221; column_padding_tablet=&#8221;inherit&#8221; column_padding_phone=&#8221;inherit&#8221; column_padding_position=&#8221;all&#8221; background_color_opacity=&#8221;1&#8243; background_hover_color_opacity=&#8221;1&#8243; column_shadow=&#8221;none&#8221; column_border_radius=&#8221;none&#8221; column_link_target=&#8221;_self&#8221; gradient_direction=&#8221;left_to_right&#8221; overlay_strength=&#8221;0.3&#8243; width=&#8221;1\/1&#8243; tablet_width_inherit=&#8221;default&#8221; tablet_text_alignment=&#8221;default&#8221; phone_text_alignment=&#8221;default&#8221; column_border_width=&#8221;none&#8221; column_border_style=&#8221;solid&#8221; bg_image_animation=&#8221;none&#8221;][split_line_heading animation_type=&#8221;line-reveal-by-space&#8221; font_style=&#8221;h2&#8243; text_content=&#8221;Components principals&#8221;][\/split_line_heading]<div class=\"nectar-fancy-ul\" data-list-icon=\"icon-salient-thin-line\" data-animation=\"true\" data-animation-delay=\"0\" data-color=\"extra-color-3\" data-spacing=\"default\" data-alignment=\"left\"> \n<ul>\n<li style=\"text-align: justify;\"><strong>Equip embarcat: <\/strong>Compr\u00e8n una unitat de processament i una antena en cada cabina del material rodant i dos sensors de velocitat de doble canal.<\/li>\n<\/ul>\n <\/div>[image_with_animation image_url=&#8221;6054&#8243; animation=&#8221;Fade In&#8221; hover_animation=&#8221;none&#8221; alignment=&#8221;center&#8221; border_radius=&#8221;none&#8221; box_shadow=&#8221;none&#8221; image_loading=&#8221;default&#8221; max_width=&#8221;100%&#8221; max_width_mobile=&#8221;default&#8221; margin_top=&#8221;-35&#8243; margin_bottom=&#8221;-20&#8243;]<div class=\"nectar-fancy-ul\" data-list-icon=\"icon-salient-thin-line\" data-animation=\"true\" data-animation-delay=\"0\" data-color=\"extra-color-3\" data-spacing=\"default\" data-alignment=\"left\"> \n<ul>\n<li style=\"text-align: justify;\"><strong>Equip de camp: <\/strong>Consisteix en balises instal\u00b7lades al llarg de la l\u00ednia. Aquestes balises poden transmetre dades (<strong>balises emissores<\/strong>) o rebre-les (<strong>balises receptores<\/strong>), segons la seva funcionalitat.<\/li>\n<\/ul>\n <\/div>[image_with_animation image_url=&#8221;6058&#8243; animation=&#8221;Fade In&#8221; hover_animation=&#8221;none&#8221; alignment=&#8221;center&#8221; border_radius=&#8221;none&#8221; box_shadow=&#8221;none&#8221; image_loading=&#8221;default&#8221; max_width=&#8221;100%&#8221; max_width_mobile=&#8221;default&#8221; margin_top=&#8221;-35&#8243; margin_bottom=&#8221;-20&#8243;]<div class=\"nectar-fancy-ul\" data-list-icon=\"icon-salient-thin-line\" data-animation=\"true\" data-animation-delay=\"0\" data-color=\"extra-color-3\" data-spacing=\"default\" data-alignment=\"left\"> \n<ul>\n<li style=\"text-align: justify;\"><strong>Equipament interior:<\/strong> Consta d\u00b4un subrack est\u00e0ndard de 19&#8243; amb targetes electr\u00f2niques (CPU, entrades\/sortides de seguretat, etc.) anomenat Beacon Controller encarregat de controlar tot el conjunt de balises, el qual permet les comunicacions amb enclavaments de tercers per entrades\/sortides o protocols de seguretat basats en EULYNX SCI_IO. Si el sistema de senyalitzaci\u00f3 est\u00e0 controlat per l&#8217;enclavament ENCETRANS 2oo2, les funcionalitats del Beacon Controller s&#8217;integraran en el propi enclavament.<\/li>\n<\/ul>\n <\/div>[image_with_animation image_url=&#8221;6063&#8243; animation=&#8221;Fade In&#8221; hover_animation=&#8221;none&#8221; alignment=&#8221;center&#8221; border_radius=&#8221;none&#8221; box_shadow=&#8221;none&#8221; image_loading=&#8221;default&#8221; max_width=&#8221;100%&#8221; max_width_mobile=&#8221;default&#8221; margin_top=&#8221;-35&#8243;][\/vc_column][\/vc_row][vc_row type=&#8221;full_width_background&#8221; full_screen_row_position=&#8221;middle&#8221; column_margin=&#8221;default&#8221; equal_height=&#8221;yes&#8221; content_placement=&#8221;middle&#8221; column_direction=&#8221;default&#8221; column_direction_tablet=&#8221;default&#8221; column_direction_phone=&#8221;default&#8221; bg_color=&#8221;#ffffff&#8221; bg_image=&#8221;228&#8243; bg_position=&#8221;center center&#8221; bg_repeat=&#8221;no-repeat&#8221; scene_position=&#8221;center&#8221; top_padding=&#8221;80&#8243; bottom_padding=&#8221;80&#8243; text_color=&#8221;light&#8221; text_align=&#8221;left&#8221; row_border_radius=&#8221;none&#8221; row_border_radius_applies=&#8221;bg&#8221; color_overlay=&#8221;#004074&#8243; overlay_strength=&#8221;0.5&#8243; gradient_direction=&#8221;left_to_right&#8221; shape_divider_position=&#8221;bottom&#8221; bg_image_animation=&#8221;none&#8221; shape_type=&#8221;&#8221;][vc_column column_padding=&#8221;no-extra-padding&#8221; column_padding_tablet=&#8221;inherit&#8221; column_padding_phone=&#8221;inherit&#8221; column_padding_position=&#8221;all&#8221; background_color_opacity=&#8221;1&#8243; background_hover_color_opacity=&#8221;1&#8243; column_shadow=&#8221;none&#8221; column_border_radius=&#8221;none&#8221; column_link_target=&#8221;_self&#8221; gradient_direction=&#8221;left_to_right&#8221; overlay_strength=&#8221;0.3&#8243; width=&#8221;6\/12&#8243; tablet_width_inherit=&#8221;default&#8221; tablet_text_alignment=&#8221;center&#8221; phone_text_alignment=&#8221;center&#8221; column_border_width=&#8221;none&#8221; column_border_style=&#8221;solid&#8221; bg_image_animation=&#8221;none&#8221;][nectar_highlighted_text color_type=&#8221;regular&#8221; highlight_color=&#8221;#ff1053&#8243; style=&#8221;half_text&#8221;]\n<h2>Necessites m\u00e9s informaci\u00f3?<\/h2>\n[\/nectar_highlighted_text][vc_column_text css=&#8221;.vc_custom_1603123874228{margin-top: 15px !important;}&#8221;]Posa&#8217;t en contacte amb nosaltres.[\/vc_column_text][\/vc_column][vc_column column_padding=&#8221;no-extra-padding&#8221; column_padding_tablet=&#8221;inherit&#8221; column_padding_phone=&#8221;inherit&#8221; column_padding_position=&#8221;all&#8221; background_color_opacity=&#8221;1&#8243; background_hover_color_opacity=&#8221;1&#8243; column_shadow=&#8221;none&#8221; column_border_radius=&#8221;none&#8221; column_link_target=&#8221;_self&#8221; gradient_direction=&#8221;left_to_right&#8221; overlay_strength=&#8221;0.3&#8243; width=&#8221;1\/2&#8243; tablet_width_inherit=&#8221;default&#8221; tablet_text_alignment=&#8221;center&#8221; phone_text_alignment=&#8221;center&#8221; column_border_width=&#8221;none&#8221; column_border_style=&#8221;solid&#8221; bg_image_animation=&#8221;none&#8221;][vc_row_inner column_margin=&#8221;default&#8221; column_direction=&#8221;default&#8221; column_direction_tablet=&#8221;default&#8221; column_direction_phone=&#8221;default&#8221; text_align=&#8221;right&#8221;][vc_column_inner column_padding=&#8221;no-extra-padding&#8221; column_padding_tablet=&#8221;inherit&#8221; column_padding_phone=&#8221;inherit&#8221; column_padding_position=&#8221;all&#8221; background_color_opacity=&#8221;1&#8243; background_hover_color_opacity=&#8221;1&#8243; column_shadow=&#8221;none&#8221; column_border_radius=&#8221;none&#8221; column_link_target=&#8221;_self&#8221; gradient_direction=&#8221;left_to_right&#8221; overlay_strength=&#8221;0.3&#8243; width=&#8221;1\/1&#8243; tablet_width_inherit=&#8221;default&#8221; column_border_width=&#8221;none&#8221; column_border_style=&#8221;solid&#8221; bg_image_animation=&#8221;none&#8221;][nectar_btn size=&#8221;jumbo&#8221; button_style=&#8221;see-through-2&#8243; color_override=&#8221;#ffffff&#8221; hover_color_override=&#8221;#ffffff&#8221; hover_text_color_override=&#8221;#000000&#8243; icon_family=&#8221;default_arrow&#8221; url=&#8221;www.electrans.es\/ca\/contacte&#8221; text=&#8221;Contactar&#8221;][\/vc_column_inner][\/vc_row_inner][\/vc_column][\/vc_row]\n","protected":false},"excerpt":{"rendered":"<p>[vc_row type=&#8221;full_width_background&#8221; full_screen_row_position=&#8221;middle&#8221; column_margin=&#8221;default&#8221; equal_height=&#8221;yes&#8221; content_placement=&#8221;middle&#8221; column_direction=&#8221;default&#8221; column_direction_tablet=&#8221;default&#8221; column_direction_phone=&#8221;default&#8221; bg_color=&#8221;#6a6b6f&#8221; bg_image=&#8221;434&#8243; bg_position=&#8221;center center&#8221; bg_repeat=&#8221;no-repeat&#8221; scene_position=&#8221;center&#8221; top_padding=&#8221;5%&#8221; bottom_padding=&#8221;13%&#8221; text_color=&#8221;light&#8221; text_align=&#8221;left&#8221; row_border_radius=&#8221;none&#8221; row_border_radius_applies=&#8221;bg&#8221; id=&#8221;built-by-riders&#8221; row_name=&#8221;Built By Riders&#8221; color_overlay=&#8221;#004074&#8243; overlay_strength=&#8221;0.5&#8243; gradient_direction=&#8221;left_to_right&#8221; enable_shape_divider=&#8221;true&#8221; shape_divider_position=&#8221;bottom&#8221;&#8230;<\/p>\n","protected":false},"author":1,"featured_media":0,"parent":0,"menu_order":0,"comment_status":"closed","ping_status":"closed","template":"","meta":{"footnotes":""},"class_list":["post-601","page","type-page","status-publish"],"_links":{"self":[{"href":"https:\/\/www.electrans.es\/ca\/wp-json\/wp\/v2\/pages\/601","targetHints":{"allow":["GET"]}}],"collection":[{"href":"https:\/\/www.electrans.es\/ca\/wp-json\/wp\/v2\/pages"}],"about":[{"href":"https:\/\/www.electrans.es\/ca\/wp-json\/wp\/v2\/types\/page"}],"author":[{"embeddable":true,"href":"https:\/\/www.electrans.es\/ca\/wp-json\/wp\/v2\/users\/1"}],"replies":[{"embeddable":true,"href":"https:\/\/www.electrans.es\/ca\/wp-json\/wp\/v2\/comments?post=601"}],"version-history":[{"count":6,"href":"https:\/\/www.electrans.es\/ca\/wp-json\/wp\/v2\/pages\/601\/revisions"}],"predecessor-version":[{"id":6158,"href":"https:\/\/www.electrans.es\/ca\/wp-json\/wp\/v2\/pages\/601\/revisions\/6158"}],"wp:attachment":[{"href":"https:\/\/www.electrans.es\/ca\/wp-json\/wp\/v2\/media?parent=601"}],"curies":[{"name":"wp","href":"https:\/\/api.w.org\/{rel}","templated":true}]}}