{"id":690,"date":"2020-07-13T08:56:23","date_gmt":"2020-07-13T08:56:23","guid":{"rendered":"http:\/\/www.electrans.es\/historia-de-electrans\/"},"modified":"2020-10-19T15:33:51","modified_gmt":"2020-10-19T15:33:51","slug":"historia-delectrans","status":"publish","type":"page","link":"https:\/\/www.electrans.es\/ca\/historia-delectrans\/","title":{"rendered":"Hist\u00f2ria d&#8217;Electrans"},"content":{"rendered":"[vc_row type=&#8221;full_width_background&#8221; full_screen_row_position=&#8221;middle&#8221; column_margin=&#8221;default&#8221; column_direction=&#8221;default&#8221; column_direction_tablet=&#8221;default&#8221; column_direction_phone=&#8221;default&#8221; bg_color=&#8221;#004074&#8243; scene_position=&#8221;center&#8221; top_padding=&#8221;2%&#8221; constrain_group_1=&#8221;yes&#8221; bottom_padding=&#8221;2%&#8221; text_color=&#8221;dark&#8221; text_align=&#8221;left&#8221; row_border_radius=&#8221;none&#8221; row_border_radius_applies=&#8221;bg&#8221; color_overlay=&#8221;#004074&#8243; overlay_strength=&#8221;0.95&#8243; gradient_direction=&#8221;top_to_bottom&#8221; shape_divider_position=&#8221;bottom&#8221; bg_image_animation=&#8221;none&#8221; shape_type=&#8221;&#8221;][vc_column column_padding=&#8221;no-extra-padding&#8221; column_padding_tablet=&#8221;inherit&#8221; column_padding_phone=&#8221;inherit&#8221; column_padding_position=&#8221;all&#8221; background_color_opacity=&#8221;1&#8243; background_hover_color_opacity=&#8221;1&#8243; column_shadow=&#8221;none&#8221; column_border_radius=&#8221;none&#8221; column_link_target=&#8221;_self&#8221; gradient_direction=&#8221;left_to_right&#8221; overlay_strength=&#8221;0.3&#8243; width=&#8221;1\/1&#8243; tablet_width_inherit=&#8221;default&#8221; tablet_text_alignment=&#8221;default&#8221; phone_text_alignment=&#8221;default&#8221; column_border_width=&#8221;none&#8221; column_border_style=&#8221;solid&#8221; bg_image_animation=&#8221;none&#8221;][vc_column_text css_animation=&#8221;fadeInDown&#8221;]\n<h1 style=\"text-align: center;\"><span style=\"color: #ffffff;\">Hist\u00f2ria d&#8217;Electrans<br \/>\n<\/span><\/h1>\n[\/vc_column_text][\/vc_column][\/vc_row][vc_row type=&#8221;full_width_content&#8221; full_screen_row_position=&#8221;middle&#8221; column_margin=&#8221;default&#8221; equal_height=&#8221;yes&#8221; content_placement=&#8221;middle&#8221; column_direction=&#8221;default&#8221; column_direction_tablet=&#8221;default&#8221; column_direction_phone=&#8221;default&#8221; bg_color=&#8221;#ffffff&#8221; scene_position=&#8221;center&#8221; text_color=&#8221;dark&#8221; text_align=&#8221;left&#8221; row_border_radius=&#8221;none&#8221; row_border_radius_applies=&#8221;bg&#8221; overlay_strength=&#8221;0.3&#8243; gradient_direction=&#8221;left_to_right&#8221; shape_divider_position=&#8221;bottom&#8221; bg_image_animation=&#8221;none&#8221;][vc_column column_padding=&#8221;padding-10-percent&#8221; column_padding_tablet=&#8221;inherit&#8221; column_padding_phone=&#8221;inherit&#8221; column_padding_position=&#8221;all&#8221; background_color=&#8221;#f4f4f4&#8243; background_color_opacity=&#8221;1&#8243; background_hover_color_opacity=&#8221;1&#8243; column_shadow=&#8221;none&#8221; column_border_radius=&#8221;none&#8221; column_link_target=&#8221;_self&#8221; gradient_direction=&#8221;left_to_right&#8221; overlay_strength=&#8221;0.3&#8243; width=&#8221;1\/2&#8243; tablet_width_inherit=&#8221;default&#8221; tablet_text_alignment=&#8221;default&#8221; phone_text_alignment=&#8221;default&#8221; column_border_width=&#8221;none&#8221; column_border_style=&#8221;solid&#8221; bg_image_animation=&#8221;none&#8221;][vc_row_inner column_margin=&#8221;default&#8221; column_direction=&#8221;default&#8221; column_direction_tablet=&#8221;default&#8221; column_direction_phone=&#8221;default&#8221; text_align=&#8221;left&#8221;][vc_column_inner column_padding=&#8221;no-extra-padding&#8221; column_padding_tablet=&#8221;inherit&#8221; column_padding_phone=&#8221;inherit&#8221; column_padding_position=&#8221;all&#8221; background_color_opacity=&#8221;1&#8243; background_hover_color_opacity=&#8221;1&#8243; column_shadow=&#8221;none&#8221; column_border_radius=&#8221;none&#8221; column_link_target=&#8221;_self&#8221; gradient_direction=&#8221;left_to_right&#8221; overlay_strength=&#8221;0.3&#8243; width=&#8221;1\/1&#8243; tablet_width_inherit=&#8221;default&#8221; column_border_width=&#8221;none&#8221; column_border_style=&#8221;solid&#8221; bg_image_animation=&#8221;none&#8221; enable_animation=&#8221;true&#8221; animation=&#8221;fade-in-from-bottom&#8221;][vc_custom_heading text=&#8221;Des de l&#8217;any 2010 fins a l&#8217;actualitat<br \/>\n&#8221; font_container=&#8221;tag:h2|font_size:40|text_align:left|line_height:50px&#8221; use_theme_fonts=&#8221;yes&#8221; css=&#8221;.vc_custom_1603121377335{padding-bottom: 30px !important;}&#8221;][vc_custom_heading text=&#8221;<strong>2013<\/strong> Consolidaci\u00f3 de la internacionalitzaci\u00f3 d&#8217;Electrans: Subministrament d&#8217;enclavaments ferroviaris: Brasil i Espanya. Subministrament internacional de passos a nivell: Cuba, Dinamarca, Turquia i Espanya. Nominaci\u00f3 pel subministrament de la senyalitzaci\u00f3 del Tramvia de Medell\u00edn. Subministrament i instal\u00b7laci\u00f3 de senyals de tecnologia LED: Brasil, Singapur, Turquia, Portugal i Espanya.<\/p>\n<p><strong>2012<\/strong> Homologaci\u00f3 i Certificaci\u00f3 SIL-4 dels focus i senyals de tecnologia LED: LD-120-P, LD-120-PC, LD-140-PC LD-160-PC i LEDVAR.<\/p>\n<p><strong>2011<\/strong> Homologaci\u00f3 i Certificaci\u00f3 SIL-4 de la nova versi\u00f3 del pas a nivell (EE-5000). Finalitzaci\u00f3 del projecte de senyalitzaci\u00f3 del tramvia de Saragossa (amb m\u00e9s de 5 premis internacionals).&#8221; font_container=&#8221;tag:p|text_align:left|color:%23004074&#8243; use_theme_fonts=&#8221;yes&#8221;][\/vc_column_inner][\/vc_row_inner][\/vc_column][vc_column column_padding=&#8221;no-extra-padding&#8221; column_padding_tablet=&#8221;inherit&#8221; column_padding_phone=&#8221;inherit&#8221; column_padding_position=&#8221;all&#8221; background_color_opacity=&#8221;1&#8243; background_hover_color_opacity=&#8221;1&#8243; background_image=&#8221;228&#8243; background_image_position=&#8221;left center&#8221; enable_bg_scale=&#8221;true&#8221; column_shadow=&#8221;none&#8221; column_border_radius=&#8221;none&#8221; column_link_target=&#8221;_self&#8221; gradient_direction=&#8221;left_to_right&#8221; overlay_strength=&#8221;0.3&#8243; width=&#8221;1\/2&#8243; tablet_width_inherit=&#8221;default&#8221; tablet_text_alignment=&#8221;default&#8221; phone_text_alignment=&#8221;default&#8221; column_border_width=&#8221;none&#8221; column_border_style=&#8221;solid&#8221; bg_image_animation=&#8221;ro-reveal-from-right&#8221;][\/vc_column][\/vc_row][vc_row type=&#8221;full_width_content&#8221; full_screen_row_position=&#8221;middle&#8221; column_margin=&#8221;default&#8221; equal_height=&#8221;yes&#8221; content_placement=&#8221;middle&#8221; column_direction=&#8221;default&#8221; column_direction_tablet=&#8221;default&#8221; column_direction_phone=&#8221;default&#8221; scene_position=&#8221;center&#8221; text_color=&#8221;dark&#8221; text_align=&#8221;left&#8221; row_border_radius=&#8221;none&#8221; row_border_radius_applies=&#8221;bg&#8221; overlay_strength=&#8221;0.3&#8243; gradient_direction=&#8221;left_to_right&#8221; shape_divider_position=&#8221;bottom&#8221; bg_image_animation=&#8221;none&#8221;][vc_column column_padding=&#8221;no-extra-padding&#8221; column_padding_tablet=&#8221;inherit&#8221; column_padding_phone=&#8221;inherit&#8221; column_padding_position=&#8221;all&#8221; background_color_opacity=&#8221;1&#8243; background_hover_color_opacity=&#8221;1&#8243; background_image=&#8221;229&#8243; background_image_position=&#8221;center center&#8221; enable_bg_scale=&#8221;true&#8221; column_shadow=&#8221;none&#8221; column_border_radius=&#8221;none&#8221; column_link_target=&#8221;_self&#8221; gradient_direction=&#8221;left_to_right&#8221; overlay_strength=&#8221;0.3&#8243; width=&#8221;1\/2&#8243; tablet_width_inherit=&#8221;default&#8221; tablet_text_alignment=&#8221;default&#8221; phone_text_alignment=&#8221;default&#8221; column_border_width=&#8221;none&#8221; column_border_style=&#8221;solid&#8221; bg_image_animation=&#8221;ro-reveal-from-left&#8221;][\/vc_column][vc_column column_padding=&#8221;padding-10-percent&#8221; column_padding_tablet=&#8221;inherit&#8221; column_padding_phone=&#8221;inherit&#8221; column_padding_position=&#8221;all&#8221; background_color=&#8221;#ffffff&#8221; background_color_opacity=&#8221;1&#8243; background_hover_color_opacity=&#8221;1&#8243; column_shadow=&#8221;none&#8221; column_border_radius=&#8221;none&#8221; column_link_target=&#8221;_self&#8221; gradient_direction=&#8221;left_to_right&#8221; overlay_strength=&#8221;0.3&#8243; width=&#8221;1\/2&#8243; tablet_width_inherit=&#8221;default&#8221; tablet_text_alignment=&#8221;default&#8221; phone_text_alignment=&#8221;default&#8221; column_border_width=&#8221;none&#8221; column_border_style=&#8221;solid&#8221; bg_image_animation=&#8221;none&#8221;][vc_custom_heading text=&#8221;Durant els anys 2000&#8243; font_container=&#8221;tag:h2|font_size:40|text_align:left|line_height:50px&#8221; use_theme_fonts=&#8221;yes&#8221; css=&#8221;.vc_custom_1603121445498{padding-bottom: 30px !important;}&#8221;][vc_custom_heading text=&#8221;<strong>2005<\/strong> Homologaci\u00f3 i instal\u00b7laci\u00f3 de l&#8217;Enclavament ENCETRANS amb diferents nivells d&#8217;aplicaci\u00f3 a instal\u00b7lacions de senyalitzaci\u00f3 ferrovi\u00e0ria, tramvies i estacions de maniobra amb sistema integrat de comandament centralitzat (CTC) tipus SIGMA.<\/p>\n<p><strong>2004 <\/strong> Homologaci\u00f3 i instal\u00b7laci\u00f3 en l\u00ednies d&#8217;Alta Velocitat Espanyola (AVE) del focus de senyal lluminosa de tecnologia LED.<\/p>\n<p><strong>2003 <\/strong> Homologaci\u00f3 i subministrament de senyals lluminoses amb tecnologia LED en xarxes de Metro i senyals de carretera de passos a nivell. Homologaci\u00f3 i implantaci\u00f3 del Sistema Electr\u00f2nic Modular i Multifunci\u00f3 dels Comptadors d&#8217;eixos DEF-97 en senyalitzaci\u00f3 i passos a nivell.&#8221; font_container=&#8221;tag:p|text_align:left|color:%23004074&#8243; use_theme_fonts=&#8221;yes&#8221;][\/vc_column][\/vc_row][vc_row type=&#8221;full_width_background&#8221; full_screen_row_position=&#8221;middle&#8221; column_margin=&#8221;default&#8221; column_direction=&#8221;default&#8221; column_direction_tablet=&#8221;default&#8221; column_direction_phone=&#8221;default&#8221; bg_color=&#8221;#004074&#8243; bg_image=&#8221;161&#8243; bg_position=&#8221;center center&#8221; bg_repeat=&#8221;no-repeat&#8221; scene_position=&#8221;center&#8221; top_padding=&#8221;5%&#8221; bottom_padding=&#8221;10%&#8221; text_color=&#8221;dark&#8221; text_align=&#8221;left&#8221; row_border_radius=&#8221;none&#8221; row_border_radius_applies=&#8221;bg&#8221; color_overlay=&#8221;#004074&#8243; overlay_strength=&#8221;0.95&#8243; gradient_direction=&#8221;left_to_right&#8221; enable_shape_divider=&#8221;true&#8221; shape_divider_position=&#8221;bottom&#8221; shape_divider_height=&#8221;200&#8243; bg_image_animation=&#8221;fade-in&#8221; shape_type=&#8221;tilt_alt&#8221;][vc_column column_padding=&#8221;no-extra-padding&#8221; column_padding_tablet=&#8221;inherit&#8221; column_padding_phone=&#8221;inherit&#8221; column_padding_position=&#8221;all&#8221; background_color_opacity=&#8221;1&#8243; background_hover_color_opacity=&#8221;1&#8243; column_shadow=&#8221;none&#8221; column_border_radius=&#8221;none&#8221; column_link_target=&#8221;_self&#8221; gradient_direction=&#8221;left_to_right&#8221; overlay_strength=&#8221;0.3&#8243; width=&#8221;1\/1&#8243; tablet_width_inherit=&#8221;default&#8221; tablet_text_alignment=&#8221;default&#8221; phone_text_alignment=&#8221;default&#8221; column_border_width=&#8221;none&#8221; column_border_style=&#8221;solid&#8221; bg_image_animation=&#8221;ro-reveal-from-left&#8221; enable_animation=&#8221;true&#8221; animation=&#8221;reveal-from-left&#8221;][vc_custom_heading text=&#8221;Durant els anys 90&#8243; font_container=&#8221;tag:h2|font_size:40|text_align:left|color:%23ffffff|line_height:50px&#8221; use_theme_fonts=&#8221;yes&#8221; css=&#8221;.vc_custom_1603121494110{padding-bottom: 30px !important;}&#8221;][vc_column_text]<span style=\"color: #ffffff;\"><strong>1998<\/strong>\u00a0Homologaci\u00f3 i implantaci\u00f3 de l&#8217;Equip de Detecci\u00f3 d&#8217;obstacles en passos a nivell tipus RDO, mitjan\u00e7ant lla\u00e7os inductius.<\/span><\/p>\n<p><span style=\"color: #ffffff;\"><strong>1997<\/strong>\u00a0S&#8217;instal\u00b7la en RENFE el primer sistema de Centralitzaci\u00f3 de Registradors de passos a nivell TRACER a RENFE, evidenciant el seu inter\u00e8s en l&#8217;explotaci\u00f3 i manteniment.<\/span><\/p>\n<p><span style=\"color: #ffffff;\"><strong>1993<\/strong>\u00a0L&#8217;Administraci\u00f3 Ferrovi\u00e0ria Espanyola homologa el Sistema de Comandament Electr\u00f2nic ME-4000 de protecci\u00f3 de passos a nivell autom\u00e0tics, mitjan\u00e7ant Senyalitzaci\u00f3 Lluminosa \u2013 Ac\u00fastica (S.L.A).<\/span><\/p>\n<p><span style=\"color: #ffffff;\"><strong>1990<\/strong>\u00a0Les Administracions Ferrovi\u00e0ries Espanyoles homologuen el Registrador (caixa negra) tipus RDX per passos a nivell, implantant-lo progressivament en totes les seves xarxes.<\/span>[\/vc_column_text][\/vc_column][\/vc_row][vc_row type=&#8221;in_container&#8221; full_screen_row_position=&#8221;middle&#8221; column_margin=&#8221;default&#8221; column_direction=&#8221;default&#8221; column_direction_tablet=&#8221;default&#8221; column_direction_phone=&#8221;default&#8221; scene_position=&#8221;center&#8221; text_color=&#8221;dark&#8221; text_align=&#8221;left&#8221; row_border_radius=&#8221;none&#8221; row_border_radius_applies=&#8221;bg&#8221; overlay_strength=&#8221;0.3&#8243; gradient_direction=&#8221;left_to_right&#8221; shape_divider_position=&#8221;bottom&#8221; bg_image_animation=&#8221;zoom-out-reveal&#8221; shape_type=&#8221;&#8221;][vc_column column_padding=&#8221;no-extra-padding&#8221; column_padding_tablet=&#8221;inherit&#8221; column_padding_phone=&#8221;inherit&#8221; column_padding_position=&#8221;all&#8221; background_color_opacity=&#8221;1&#8243; background_hover_color_opacity=&#8221;1&#8243; column_shadow=&#8221;none&#8221; column_border_radius=&#8221;none&#8221; column_link_target=&#8221;_self&#8221; gradient_direction=&#8221;left_to_right&#8221; overlay_strength=&#8221;0.3&#8243; width=&#8221;1\/1&#8243; tablet_width_inherit=&#8221;default&#8221; tablet_text_alignment=&#8221;default&#8221; phone_text_alignment=&#8221;default&#8221; column_border_width=&#8221;none&#8221; column_border_style=&#8221;solid&#8221; bg_image_animation=&#8221;ro-reveal-from-right&#8221; enable_animation=&#8221;true&#8221; animation=&#8221;reveal-from-right&#8221;][vc_custom_heading text=&#8221;Durant els anys 80 i 70&#8243; font_container=&#8221;tag:h2|font_size:40|text_align:right|line_height:50px&#8221; use_theme_fonts=&#8221;yes&#8221; css=&#8221;.vc_custom_1603121559415{padding-bottom: 30px !important;}&#8221;][vc_column_text]<strong>1987 <\/strong><span style=\"font-weight: 400;\">RENFE homologa el Sistema de Protecci\u00f3 de Passos a Nivell Autom\u00e0tics amb Barreres (S.B.A), s&#8217;inicia aix\u00ed a Espanya la fase d&#8217;instal\u00b7laci\u00f3 de Semibarreres Autom\u00e0tiques. En aquell mateix any, s&#8217;introdueixen els Senyals Alfanum\u00e8riques de Fibra \u00d2ptica FO-VAR per passos a nivell, que en poc temps passen a establir-se com a principal producte de senyalitzaci\u00f3.<\/span><\/p>\n<p><strong>1983 <\/strong><span style=\"font-weight: 400;\">Es finalitza la implantaci\u00f3 del primer sistema de Circuiteria Modular Electr\u00f2nica FAIL-SAFE per la protecci\u00f3 de passos a nivell. La seva aplicaci\u00f3 s&#8217;estendr\u00e0 posteriorment a multitud d&#8217;aplicacions de seguretat ferrovi\u00e0ria.<\/span><\/p>\n<p><strong>1981 <\/strong><span style=\"font-weight: 400;\">El Detector Electr\u00f2nic de Trens (DEF-87) \u00e9s desenvolupat en substituci\u00f3 dels detectors mec\u00e0nics utilitzats en bloquejos i passos a nivell.<\/span><\/p>\n<p><strong>1979 <\/strong><span style=\"font-weight: 400;\">S&#8217;instal\u00b7la el primer circuit de via electr\u00f2nic sense juntes a Espanya.<\/span><\/p>\n<p><strong>1978<\/strong> <span style=\"font-weight: 400;\">Es dissenyen i es realitzen les primeres instal\u00b7lacions de protecci\u00f3 de passos a nivell autom\u00e0tics a Espanya. S&#8217;inicia aix\u00ed la protecci\u00f3 de passos a nivell per procediments independents del factor hum\u00e0.<\/span>[\/vc_column_text][\/vc_column][\/vc_row]\n","protected":false},"excerpt":{"rendered":"<p>[vc_row type=&#8221;full_width_background&#8221; full_screen_row_position=&#8221;middle&#8221; column_margin=&#8221;default&#8221; column_direction=&#8221;default&#8221; column_direction_tablet=&#8221;default&#8221; column_direction_phone=&#8221;default&#8221; bg_color=&#8221;#004074&#8243; scene_position=&#8221;center&#8221; top_padding=&#8221;2%&#8221; constrain_group_1=&#8221;yes&#8221; bottom_padding=&#8221;2%&#8221; text_color=&#8221;dark&#8221; text_align=&#8221;left&#8221; row_border_radius=&#8221;none&#8221; row_border_radius_applies=&#8221;bg&#8221; color_overlay=&#8221;#004074&#8243; overlay_strength=&#8221;0.95&#8243; gradient_direction=&#8221;top_to_bottom&#8221; shape_divider_position=&#8221;bottom&#8221; bg_image_animation=&#8221;none&#8221; shape_type=&#8221;&#8221;][vc_column column_padding=&#8221;no-extra-padding&#8221; column_padding_tablet=&#8221;inherit&#8221; column_padding_phone=&#8221;inherit&#8221; column_padding_position=&#8221;all&#8221; background_color_opacity=&#8221;1&#8243; background_hover_color_opacity=&#8221;1&#8243; column_shadow=&#8221;none&#8221; column_border_radius=&#8221;none&#8221;&#8230;<\/p>\n","protected":false},"author":1,"featured_media":0,"parent":0,"menu_order":0,"comment_status":"closed","ping_status":"closed","template":"","meta":{"footnotes":""},"class_list":["post-690","page","type-page","status-publish"],"_links":{"self":[{"href":"https:\/\/www.electrans.es\/ca\/wp-json\/wp\/v2\/pages\/690","targetHints":{"allow":["GET"]}}],"collection":[{"href":"https:\/\/www.electrans.es\/ca\/wp-json\/wp\/v2\/pages"}],"about":[{"href":"https:\/\/www.electrans.es\/ca\/wp-json\/wp\/v2\/types\/page"}],"author":[{"embeddable":true,"href":"https:\/\/www.electrans.es\/ca\/wp-json\/wp\/v2\/users\/1"}],"replies":[{"embeddable":true,"href":"https:\/\/www.electrans.es\/ca\/wp-json\/wp\/v2\/comments?post=690"}],"version-history":[{"count":2,"href":"https:\/\/www.electrans.es\/ca\/wp-json\/wp\/v2\/pages\/690\/revisions"}],"predecessor-version":[{"id":693,"href":"https:\/\/www.electrans.es\/ca\/wp-json\/wp\/v2\/pages\/690\/revisions\/693"}],"wp:attachment":[{"href":"https:\/\/www.electrans.es\/ca\/wp-json\/wp\/v2\/media?parent=690"}],"curies":[{"name":"wp","href":"https:\/\/api.w.org\/{rel}","templated":true}]}}