{"id":625,"date":"2020-07-23T00:24:35","date_gmt":"2020-07-23T00:24:35","guid":{"rendered":"http:\/\/www.electrans.es\/contadores-de-ejes\/"},"modified":"2024-08-08T11:49:16","modified_gmt":"2024-08-08T11:49:16","slug":"compteur-dessieux","status":"publish","type":"page","link":"https:\/\/www.electrans.es\/fr\/compteur-dessieux\/","title":{"rendered":"Compteur d&rsquo;essieux"},"content":{"rendered":"[vc_row type=\u00a0\u00bbfull_width_background\u00a0\u00bb full_screen_row_position=\u00a0\u00bbmiddle\u00a0\u00bb column_margin=\u00a0\u00bbdefault\u00a0\u00bb equal_height=\u00a0\u00bbyes\u00a0\u00bb content_placement=\u00a0\u00bbmiddle\u00a0\u00bb column_direction=\u00a0\u00bbdefault\u00a0\u00bb column_direction_tablet=\u00a0\u00bbdefault\u00a0\u00bb column_direction_phone=\u00a0\u00bbdefault\u00a0\u00bb bg_color=\u00a0\u00bb#6a6b6f\u00a0\u00bb bg_image=\u00a0\u00bb169&Prime; bg_position=\u00a0\u00bbcenter center\u00a0\u00bb bg_repeat=\u00a0\u00bbno-repeat\u00a0\u00bb scene_position=\u00a0\u00bbcenter\u00a0\u00bb top_padding=\u00a0\u00bb5%\u00a0\u00bb bottom_padding=\u00a0\u00bb13%\u00a0\u00bb text_color=\u00a0\u00bblight\u00a0\u00bb text_align=\u00a0\u00bbleft\u00a0\u00bb row_border_radius=\u00a0\u00bbnone\u00a0\u00bb row_border_radius_applies=\u00a0\u00bbbg\u00a0\u00bb id=\u00a0\u00bbbuilt-by-riders\u00a0\u00bb row_name=\u00a0\u00bbBuilt By Riders\u00a0\u00bb color_overlay=\u00a0\u00bb#004074&Prime; overlay_strength=\u00a0\u00bb0.5&Prime; gradient_direction=\u00a0\u00bbleft_to_right\u00a0\u00bb enable_shape_divider=\u00a0\u00bbtrue\u00a0\u00bb shape_divider_position=\u00a0\u00bbbottom\u00a0\u00bb shape_divider_height=\u00a0\u00bb200&Prime; bg_image_animation=\u00a0\u00bbfade-in\u00a0\u00bb shape_type=\u00a0\u00bbtilt_alt\u00a0\u00bb][vc_column column_padding=\u00a0\u00bbno-extra-padding\u00a0\u00bb column_padding_tablet=\u00a0\u00bbinherit\u00a0\u00bb column_padding_phone=\u00a0\u00bbinherit\u00a0\u00bb column_padding_position=\u00a0\u00bball\u00a0\u00bb background_color_opacity=\u00a0\u00bb1&Prime; background_hover_color_opacity=\u00a0\u00bb1&Prime; column_shadow=\u00a0\u00bbnone\u00a0\u00bb column_border_radius=\u00a0\u00bbnone\u00a0\u00bb column_link_target=\u00a0\u00bb_self\u00a0\u00bb gradient_direction=\u00a0\u00bbleft_to_right\u00a0\u00bb overlay_strength=\u00a0\u00bb0.3&Prime; width=\u00a0\u00bb1\/2&Prime; tablet_width_inherit=\u00a0\u00bbdefault\u00a0\u00bb tablet_text_alignment=\u00a0\u00bbdefault\u00a0\u00bb phone_text_alignment=\u00a0\u00bbdefault\u00a0\u00bb column_border_width=\u00a0\u00bbnone\u00a0\u00bb column_border_style=\u00a0\u00bbsolid\u00a0\u00bb bg_image_animation=\u00a0\u00bbnone\u00a0\u00bb][\/vc_column][vc_column column_padding=\u00a0\u00bbno-extra-padding\u00a0\u00bb column_padding_tablet=\u00a0\u00bbinherit\u00a0\u00bb column_padding_phone=\u00a0\u00bbinherit\u00a0\u00bb column_padding_position=\u00a0\u00bball\u00a0\u00bb background_color_opacity=\u00a0\u00bb1&Prime; background_hover_color_opacity=\u00a0\u00bb1&Prime; column_shadow=\u00a0\u00bbnone\u00a0\u00bb column_border_radius=\u00a0\u00bbnone\u00a0\u00bb column_link_target=\u00a0\u00bb_self\u00a0\u00bb gradient_direction=\u00a0\u00bbleft_to_right\u00a0\u00bb overlay_strength=\u00a0\u00bb0.3&Prime; width=\u00a0\u00bb1\/2&Prime; tablet_width_inherit=\u00a0\u00bbdefault\u00a0\u00bb tablet_text_alignment=\u00a0\u00bbdefault\u00a0\u00bb phone_text_alignment=\u00a0\u00bbdefault\u00a0\u00bb column_border_width=\u00a0\u00bbnone\u00a0\u00bb column_border_style=\u00a0\u00bbsolid\u00a0\u00bb bg_image_animation=\u00a0\u00bbnone\u00a0\u00bb enable_animation=\u00a0\u00bbtrue\u00a0\u00bb animation=\u00a0\u00bbfade-in\u00a0\u00bb][vc_column_text]\n<h1>Compteur d&rsquo;essieux<\/h1>\n[\/vc_column_text][vc_column_text css=\u00a0\u00bb.vc_custom_1723117702393{margin-top: 20px !important;padding-right: 10% !important;}\u00a0\u00bb]\n<p style=\"text-align: justify;\">Depuis 1995, ELECTRANS est un pionnier dans la conception, la fabrication et l&rsquo;installation de compteurs d&rsquo;essieux innovants pour le secteur ferroviaire. Avec l&rsquo;introduction de notre dernier compteur d&rsquo;essieux, le E-AC-214-PLUS, nous continuons \u00e0 \u00eatre \u00e0 la pointe de l&rsquo;industrie en offrant une disponibilit\u00e9 et une s\u00e9curit\u00e9 \u00e9lev\u00e9es pour les syst\u00e8mes ferroviaires, m\u00e9tro, LRT et tramway dans le monde entier.<\/p>\n[\/vc_column_text][\/vc_column][\/vc_row][vc_row type=\u00a0\u00bbin_container\u00a0\u00bb full_screen_row_position=\u00a0\u00bbmiddle\u00a0\u00bb column_margin=\u00a0\u00bbdefault\u00a0\u00bb column_direction=\u00a0\u00bbdefault\u00a0\u00bb column_direction_tablet=\u00a0\u00bbdefault\u00a0\u00bb column_direction_phone=\u00a0\u00bbdefault\u00a0\u00bb scene_position=\u00a0\u00bbcenter\u00a0\u00bb top_padding=\u00a0\u00bb100px\u00a0\u00bb text_color=\u00a0\u00bbdark\u00a0\u00bb text_align=\u00a0\u00bbleft\u00a0\u00bb row_border_radius=\u00a0\u00bbnone\u00a0\u00bb row_border_radius_applies=\u00a0\u00bbbg\u00a0\u00bb overlay_strength=\u00a0\u00bb0.3&Prime; gradient_direction=\u00a0\u00bbleft_to_right\u00a0\u00bb shape_divider_position=\u00a0\u00bbbottom\u00a0\u00bb bg_image_animation=\u00a0\u00bbnone\u00a0\u00bb shape_type=\u00a0\u00bb\u00a0\u00bb][vc_column column_padding=\u00a0\u00bbno-extra-padding\u00a0\u00bb column_padding_tablet=\u00a0\u00bbinherit\u00a0\u00bb column_padding_phone=\u00a0\u00bbinherit\u00a0\u00bb column_padding_position=\u00a0\u00bball\u00a0\u00bb background_color_opacity=\u00a0\u00bb1&Prime; background_hover_color_opacity=\u00a0\u00bb1&Prime; column_shadow=\u00a0\u00bbnone\u00a0\u00bb column_border_radius=\u00a0\u00bbnone\u00a0\u00bb column_link_target=\u00a0\u00bb_self\u00a0\u00bb gradient_direction=\u00a0\u00bbleft_to_right\u00a0\u00bb overlay_strength=\u00a0\u00bb0.3&Prime; width=\u00a0\u00bb1\/1&Prime; tablet_width_inherit=\u00a0\u00bbdefault\u00a0\u00bb tablet_text_alignment=\u00a0\u00bbdefault\u00a0\u00bb phone_text_alignment=\u00a0\u00bbdefault\u00a0\u00bb column_border_width=\u00a0\u00bbnone\u00a0\u00bb column_border_style=\u00a0\u00bbsolid\u00a0\u00bb bg_image_animation=\u00a0\u00bbnone\u00a0\u00bb][vc_column_text css=\u00a0\u00bb.vc_custom_1723117710075{margin-top: 20px !important;padding-right: 10% !important;}\u00a0\u00bb]\n<p style=\"text-align: justify;\">L&rsquo;<strong>E-AC-214-PLUS<\/strong> est con\u00e7u avec la technologie de microprocesseur 2oo2, assurant une d\u00e9tection fiable des trains, une surveillance de la vitesse et des informations directionnelles pr\u00e9cises pour des op\u00e9rations ferroviaires plus s\u00fbres et plus efficaces. Certains de ses avantages exceptionnels sont :<\/p>\n<ul>\n<li style=\"text-align: justify;\"><strong>Niveau d&rsquo;int\u00e9grit\u00e9 de s\u00e9curit\u00e9 (SIL-4) :<\/strong> R\u00e9pond aux normes de s\u00e9curit\u00e9 les plus \u00e9lev\u00e9es.<\/li>\n<li style=\"text-align: justify;\"><strong>Communication longue port\u00e9e :<\/strong> Permet une communication jusqu&rsquo;\u00e0 30 km par modem V23 et jusqu&rsquo;\u00e0 1.200 m par RS-485.<\/li>\n<li style=\"text-align: justify;\"><strong>Infrastructure rentable :<\/strong> Une r\u00e9duction significative de l&rsquo;utilisation du c\u00e2ble gr\u00e2ce \u00e0 son architecture de communication BUS r\u00e9duit les co\u00fbts globaux du projet.<\/li>\n<li style=\"text-align: justify;\"><strong>Fiabilit\u00e9 des communications am\u00e9lior\u00e9e :<\/strong> Dispose de plusieurs communications d&rsquo;interface IXL avec des strat\u00e9gies de redondance fonctionnelle pour assurer une disponibilit\u00e9 maximale du syst\u00e8me.<\/li>\n<li style=\"text-align: justify;\"><strong>Conception de syst\u00e8me \u00e9volutive :<\/strong> Prend en charge la communication BUS s\u00e9rie pour un maximum de 64 points de d\u00e9tection par processeur.<\/li>\n<\/ul>\n[\/vc_column_text][vc_column_text css=\u00a0\u00bb.vc_custom_1723117718248{margin-top: 20px !important;padding-right: 10% !important;}\u00a0\u00bb]\n<p style=\"text-align: justify;\">Robuste et fiable dans toutes les conditions. L&rsquo;E-AC-214-PLUS est con\u00e7u pour durer et fonctionner dans les conditions les plus difficiles :<\/p>\n<ul>\n<li style=\"text-align: justify;\"><strong>Dur\u00e9e de vie prolong\u00e9e :<\/strong> Con\u00e7u pour fonctionner bien plus de 25 ans avec un taux de disponibilit\u00e9 de 99,9997 %.<\/li>\n<li style=\"text-align: justify;\"><strong>Entretien rapide :<\/strong> Offre un temps moyen de r\u00e9paration (MTTR) inf\u00e9rieur \u00e0 30 minutes.<\/li>\n<li style=\"text-align: justify;\"><strong>Capteurs de roue durables :<\/strong> Les capteurs de roue sont class\u00e9s jusqu&rsquo;\u00e0 IP68 pour la r\u00e9sistance \u00e0 l&rsquo;eau et \u00e0 la poussi\u00e8re.<\/li>\n<li style=\"text-align: justify;\"><strong>Protection anti-vandalisme :<\/strong> Con\u00e7u avec une protection contre les tentatives de vandalisme.<\/li>\n<li style=\"text-align: justify;\"><strong>Large plage de temp\u00e9ratures de fonctionnement :<\/strong> Convient aux temp\u00e9ratures extr\u00eames comprises entre -40\u00b0C et 70\u00b0C.<\/li>\n<li style=\"text-align: justify;\"><strong>Aucune ventilation forc\u00e9e requise :<\/strong> am\u00e9liore la s\u00e9curit\u00e9 et r\u00e9duit l&rsquo;entretien.<\/li>\n<li style=\"text-align: justify;\"><strong>D\u00e9tection \u00e0 grande vitesse :<\/strong> Capable de d\u00e9tecter les trains \u00e0 grande vitesse roulant jusqu&rsquo;\u00e0 400 km\/h.<\/li>\n<\/ul>\n[\/vc_column_text][image_with_animation image_url=\u00a0\u00bb5660&Prime; animation=\u00a0\u00bbFade In\u00a0\u00bb hover_animation=\u00a0\u00bbnone\u00a0\u00bb alignment=\u00a0\u00bbcenter\u00a0\u00bb border_radius=\u00a0\u00bbnone\u00a0\u00bb box_shadow=\u00a0\u00bbnone\u00a0\u00bb image_loading=\u00a0\u00bbdefault\u00a0\u00bb max_width=\u00a0\u00bb100%\u00a0\u00bb max_width_mobile=\u00a0\u00bbdefault\u00a0\u00bb][\/vc_column][\/vc_row][vc_row type=\u00a0\u00bbin_container\u00a0\u00bb full_screen_row_position=\u00a0\u00bbmiddle\u00a0\u00bb column_margin=\u00a0\u00bbdefault\u00a0\u00bb column_direction=\u00a0\u00bbdefault\u00a0\u00bb column_direction_tablet=\u00a0\u00bbdefault\u00a0\u00bb column_direction_phone=\u00a0\u00bbdefault\u00a0\u00bb scene_position=\u00a0\u00bbcenter\u00a0\u00bb text_color=\u00a0\u00bbdark\u00a0\u00bb text_align=\u00a0\u00bbleft\u00a0\u00bb row_border_radius=\u00a0\u00bbnone\u00a0\u00bb row_border_radius_applies=\u00a0\u00bbbg\u00a0\u00bb overlay_strength=\u00a0\u00bb0.3&Prime; gradient_direction=\u00a0\u00bbleft_to_right\u00a0\u00bb shape_divider_position=\u00a0\u00bbbottom\u00a0\u00bb bg_image_animation=\u00a0\u00bbnone\u00a0\u00bb shape_type=\u00a0\u00bb\u00a0\u00bb][vc_column column_padding=\u00a0\u00bbno-extra-padding\u00a0\u00bb column_padding_tablet=\u00a0\u00bbinherit\u00a0\u00bb column_padding_phone=\u00a0\u00bbinherit\u00a0\u00bb column_padding_position=\u00a0\u00bball\u00a0\u00bb background_color_opacity=\u00a0\u00bb1&Prime; background_hover_color_opacity=\u00a0\u00bb1&Prime; column_shadow=\u00a0\u00bbnone\u00a0\u00bb column_border_radius=\u00a0\u00bbnone\u00a0\u00bb column_link_target=\u00a0\u00bb_self\u00a0\u00bb gradient_direction=\u00a0\u00bbleft_to_right\u00a0\u00bb overlay_strength=\u00a0\u00bb0.3&Prime; width=\u00a0\u00bb1\/2&Prime; tablet_width_inherit=\u00a0\u00bbdefault\u00a0\u00bb tablet_text_alignment=\u00a0\u00bbdefault\u00a0\u00bb phone_text_alignment=\u00a0\u00bbdefault\u00a0\u00bb column_border_width=\u00a0\u00bbnone\u00a0\u00bb column_border_style=\u00a0\u00bbsolid\u00a0\u00bb bg_image_animation=\u00a0\u00bbnone\u00a0\u00bb]<div class=\"nectar-fancy-ul\" data-list-icon=\"icon-salient-thin-line\" data-animation=\"true\" data-animation-delay=\"0\" data-color=\"extra-color-3\" data-spacing=\"default\" data-alignment=\"left\"> \n<p style=\"text-align: justify;\"><strong>APPLICATIONS<\/strong><\/p>\n<ul>\n<li style=\"text-align: justify;\"><strong>Protection des passages \u00e0 niveau :<\/strong> Augmente la s\u00e9curit\u00e9 aux intersections entre les routes et les voies ferr\u00e9es.<\/li>\n<li style=\"text-align: justify;\"><strong>D\u00e9tection des voies vacantes :<\/strong> surveille les lignes de train, de m\u00e9tro, de TLR et de tramway.<\/li>\n<li style=\"text-align: justify;\"><strong>S\u00e9curit\u00e9 des d\u00e9p\u00f4ts et des gares de triage :<\/strong> G\u00e8re et prot\u00e8ge les zones d&rsquo;entreposage des trains.<\/li>\n<li style=\"text-align: justify;\"><strong>D\u00e9tection intelligente des roues :<\/strong> fournit des donn\u00e9es critiques sur l&rsquo;\u00e9tat des roues pour am\u00e9liorer les d\u00e9cisions op\u00e9rationnelles.<\/li>\n<li style=\"text-align: justify;\"><strong>Maintenance pr\u00e9dictive :<\/strong> Utilise les donn\u00e9es pour pr\u00e9voir les besoins de maintenance, r\u00e9duisant ainsi les temps d&rsquo;arr\u00eat.<\/li>\n<li style=\"text-align: justify;\"><strong>CBTC Repli :<\/strong> Assure une sauvegarde fiable des syst\u00e8mes de contr\u00f4le des trains bas\u00e9s sur la communication.<\/li>\n<\/ul>\n <\/div>[\/vc_column][vc_column column_padding=\u00a0\u00bbno-extra-padding\u00a0\u00bb column_padding_tablet=\u00a0\u00bbinherit\u00a0\u00bb column_padding_phone=\u00a0\u00bbinherit\u00a0\u00bb column_padding_position=\u00a0\u00bball\u00a0\u00bb background_color_opacity=\u00a0\u00bb1&Prime; background_hover_color_opacity=\u00a0\u00bb1&Prime; column_shadow=\u00a0\u00bbnone\u00a0\u00bb column_border_radius=\u00a0\u00bbnone\u00a0\u00bb column_link_target=\u00a0\u00bb_self\u00a0\u00bb gradient_direction=\u00a0\u00bbleft_to_right\u00a0\u00bb overlay_strength=\u00a0\u00bb0.3&Prime; width=\u00a0\u00bb1\/2&Prime; tablet_width_inherit=\u00a0\u00bbdefault\u00a0\u00bb tablet_text_alignment=\u00a0\u00bbdefault\u00a0\u00bb phone_text_alignment=\u00a0\u00bbdefault\u00a0\u00bb column_border_width=\u00a0\u00bbnone\u00a0\u00bb column_border_style=\u00a0\u00bbsolid\u00a0\u00bb bg_image_animation=\u00a0\u00bbnone\u00a0\u00bb]<div class=\"nectar-fancy-ul\" data-list-icon=\"icon-salient-thin-line\" data-animation=\"true\" data-animation-delay=\"0\" data-color=\"extra-color-3\" data-spacing=\"default\" data-alignment=\"left\"> \n<p style=\"text-align: justify;\"><strong>COMPOSANTS PRINCIPAUX<\/strong><\/p>\n<ul style=\"text-align: justify;\">\n<li><strong>\u00c9quipement d&rsquo;int\u00e9rieur<\/strong>\n<ul>\n<li>\u00c9quipement \u00e9lectronique en rack <strong>CE-214<\/strong> qui centralise et g\u00e8re l&rsquo;information provenant de l&rsquo;\u00e9quipement en bordure de la voie, des communications avec l&rsquo;enclenchement et d&rsquo;autres \u00e9valuateurs centraux. L&rsquo;\u00e9valuateur central signale l&rsquo;inoccupation des voies, la vitesse des trains et la d\u00e9tection ponctuelle d&rsquo;une direction. Tous les \u00e9quipements peuvent \u00eatre install\u00e9s sur l&rsquo;armoire ext\u00e9rieure. La communication avec des verrouillages tiers est possible \u00e0 l&rsquo;aide d&rsquo;entr\u00e9es et de sorties ou du protocole de s\u00e9curit\u00e9 EULYNX SCI_TDS.<\/li>\n<\/ul>\n<\/li>\n<\/ul>\n<ul>\n<li><strong>\u00c9quipement de piste<\/strong>\n<ul>\n<li style=\"text-align: justify;\">Double p\u00e9dale <strong>ERD-214<\/strong> install\u00e9e sur le rail, elle d\u00e9tecte en toute s\u00e9curit\u00e9 le boudin de roue du mat\u00e9riel roulant. Sa configuration \u00e0 double d\u00e9tection fournit des informations sur la vitesse, la direction et les param\u00e8tres des roues.<\/li>\n<li style=\"text-align: justify;\">L&rsquo;unit\u00e9 de chenilles <strong>TU-214<\/strong> re\u00e7oit et traite les informations de l&rsquo;ERD-214 et communique num\u00e9riquement avec l&rsquo;\u00e9valuateur central CE-214.<\/li>\n<\/ul>\n<\/li>\n<\/ul>\n <\/div>[\/vc_column][\/vc_row][vc_row type=\u00a0\u00bbfull_width_background\u00a0\u00bb full_screen_row_position=\u00a0\u00bbmiddle\u00a0\u00bb column_margin=\u00a0\u00bbdefault\u00a0\u00bb equal_height=\u00a0\u00bbyes\u00a0\u00bb content_placement=\u00a0\u00bbmiddle\u00a0\u00bb column_direction=\u00a0\u00bbdefault\u00a0\u00bb column_direction_tablet=\u00a0\u00bbdefault\u00a0\u00bb column_direction_phone=\u00a0\u00bbdefault\u00a0\u00bb bg_color=\u00a0\u00bb#ffffff\u00a0\u00bb bg_image=\u00a0\u00bb228&Prime; bg_position=\u00a0\u00bbcenter center\u00a0\u00bb bg_repeat=\u00a0\u00bbno-repeat\u00a0\u00bb scene_position=\u00a0\u00bbcenter\u00a0\u00bb top_padding=\u00a0\u00bb80&Prime; bottom_padding=\u00a0\u00bb80&Prime; text_color=\u00a0\u00bblight\u00a0\u00bb text_align=\u00a0\u00bbleft\u00a0\u00bb row_border_radius=\u00a0\u00bbnone\u00a0\u00bb row_border_radius_applies=\u00a0\u00bbbg\u00a0\u00bb color_overlay=\u00a0\u00bb#004074&Prime; overlay_strength=\u00a0\u00bb0.5&Prime; gradient_direction=\u00a0\u00bbleft_to_right\u00a0\u00bb shape_divider_position=\u00a0\u00bbbottom\u00a0\u00bb bg_image_animation=\u00a0\u00bbnone\u00a0\u00bb shape_type=\u00a0\u00bb\u00a0\u00bb][vc_column column_padding=\u00a0\u00bbno-extra-padding\u00a0\u00bb column_padding_tablet=\u00a0\u00bbinherit\u00a0\u00bb column_padding_phone=\u00a0\u00bbinherit\u00a0\u00bb column_padding_position=\u00a0\u00bball\u00a0\u00bb background_color_opacity=\u00a0\u00bb1&Prime; background_hover_color_opacity=\u00a0\u00bb1&Prime; column_shadow=\u00a0\u00bbnone\u00a0\u00bb column_border_radius=\u00a0\u00bbnone\u00a0\u00bb column_link_target=\u00a0\u00bb_self\u00a0\u00bb gradient_direction=\u00a0\u00bbleft_to_right\u00a0\u00bb overlay_strength=\u00a0\u00bb0.3&Prime; width=\u00a0\u00bb6\/12&Prime; tablet_width_inherit=\u00a0\u00bbdefault\u00a0\u00bb tablet_text_alignment=\u00a0\u00bbcenter\u00a0\u00bb phone_text_alignment=\u00a0\u00bbcenter\u00a0\u00bb column_border_width=\u00a0\u00bbnone\u00a0\u00bb column_border_style=\u00a0\u00bbsolid\u00a0\u00bb bg_image_animation=\u00a0\u00bbnone\u00a0\u00bb][nectar_highlighted_text color_type=\u00a0\u00bbregular\u00a0\u00bb highlight_color=\u00a0\u00bb#ff1053&Prime; style=\u00a0\u00bbhalf_text\u00a0\u00bb]\n<h2>As-tu besoin de plus d&rsquo;informations?<\/h2>\n[\/nectar_highlighted_text][vc_column_text css=\u00a0\u00bb.vc_custom_1603116854369{margin-top: 15px !important;}\u00a0\u00bb]Prenez contact avec nous.[\/vc_column_text][\/vc_column][vc_column column_padding=\u00a0\u00bbno-extra-padding\u00a0\u00bb column_padding_tablet=\u00a0\u00bbinherit\u00a0\u00bb column_padding_phone=\u00a0\u00bbinherit\u00a0\u00bb column_padding_position=\u00a0\u00bball\u00a0\u00bb background_color_opacity=\u00a0\u00bb1&Prime; background_hover_color_opacity=\u00a0\u00bb1&Prime; column_shadow=\u00a0\u00bbnone\u00a0\u00bb column_border_radius=\u00a0\u00bbnone\u00a0\u00bb column_link_target=\u00a0\u00bb_self\u00a0\u00bb gradient_direction=\u00a0\u00bbleft_to_right\u00a0\u00bb overlay_strength=\u00a0\u00bb0.3&Prime; width=\u00a0\u00bb1\/2&Prime; tablet_width_inherit=\u00a0\u00bbdefault\u00a0\u00bb tablet_text_alignment=\u00a0\u00bbcenter\u00a0\u00bb phone_text_alignment=\u00a0\u00bbcenter\u00a0\u00bb column_border_width=\u00a0\u00bbnone\u00a0\u00bb column_border_style=\u00a0\u00bbsolid\u00a0\u00bb bg_image_animation=\u00a0\u00bbnone\u00a0\u00bb][vc_row_inner column_margin=\u00a0\u00bbdefault\u00a0\u00bb column_direction=\u00a0\u00bbdefault\u00a0\u00bb column_direction_tablet=\u00a0\u00bbdefault\u00a0\u00bb column_direction_phone=\u00a0\u00bbdefault\u00a0\u00bb text_align=\u00a0\u00bbright\u00a0\u00bb][vc_column_inner column_padding=\u00a0\u00bbno-extra-padding\u00a0\u00bb column_padding_tablet=\u00a0\u00bbinherit\u00a0\u00bb column_padding_phone=\u00a0\u00bbinherit\u00a0\u00bb column_padding_position=\u00a0\u00bball\u00a0\u00bb background_color_opacity=\u00a0\u00bb1&Prime; background_hover_color_opacity=\u00a0\u00bb1&Prime; column_shadow=\u00a0\u00bbnone\u00a0\u00bb column_border_radius=\u00a0\u00bbnone\u00a0\u00bb column_link_target=\u00a0\u00bb_self\u00a0\u00bb gradient_direction=\u00a0\u00bbleft_to_right\u00a0\u00bb overlay_strength=\u00a0\u00bb0.3&Prime; width=\u00a0\u00bb1\/1&Prime; tablet_width_inherit=\u00a0\u00bbdefault\u00a0\u00bb column_border_width=\u00a0\u00bbnone\u00a0\u00bb column_border_style=\u00a0\u00bbsolid\u00a0\u00bb bg_image_animation=\u00a0\u00bbnone\u00a0\u00bb][nectar_btn size=\u00a0\u00bbjumbo\u00a0\u00bb button_style=\u00a0\u00bbsee-through-2&Prime; color_override=\u00a0\u00bb#ffffff\u00a0\u00bb hover_color_override=\u00a0\u00bb#ffffff\u00a0\u00bb hover_text_color_override=\u00a0\u00bb#000000&Prime; icon_family=\u00a0\u00bbdefault_arrow\u00a0\u00bb url=\u00a0\u00bbwww.electrans.es\/fr\/contact\u00a0\u00bb text=\u00a0\u00bbContacter\u00a0\u00bb][\/vc_column_inner][\/vc_row_inner][\/vc_column][\/vc_row]\n","protected":false},"excerpt":{"rendered":"<p>[vc_row type=\u00a0\u00bbfull_width_background\u00a0\u00bb full_screen_row_position=\u00a0\u00bbmiddle\u00a0\u00bb column_margin=\u00a0\u00bbdefault\u00a0\u00bb equal_height=\u00a0\u00bbyes\u00a0\u00bb content_placement=\u00a0\u00bbmiddle\u00a0\u00bb column_direction=\u00a0\u00bbdefault\u00a0\u00bb column_direction_tablet=\u00a0\u00bbdefault\u00a0\u00bb column_direction_phone=\u00a0\u00bbdefault\u00a0\u00bb bg_color=\u00a0\u00bb#6a6b6f\u00a0\u00bb bg_image=\u00a0\u00bb169&Prime; bg_position=\u00a0\u00bbcenter center\u00a0\u00bb bg_repeat=\u00a0\u00bbno-repeat\u00a0\u00bb scene_position=\u00a0\u00bbcenter\u00a0\u00bb top_padding=\u00a0\u00bb5%\u00a0\u00bb bottom_padding=\u00a0\u00bb13%\u00a0\u00bb text_color=\u00a0\u00bblight\u00a0\u00bb text_align=\u00a0\u00bbleft\u00a0\u00bb row_border_radius=\u00a0\u00bbnone\u00a0\u00bb row_border_radius_applies=\u00a0\u00bbbg\u00a0\u00bb id=\u00a0\u00bbbuilt-by-riders\u00a0\u00bb row_name=\u00a0\u00bbBuilt By Riders\u00a0\u00bb color_overlay=\u00a0\u00bb#004074&Prime; overlay_strength=\u00a0\u00bb0.5&Prime; gradient_direction=\u00a0\u00bbleft_to_right\u00a0\u00bb enable_shape_divider=\u00a0\u00bbtrue\u00a0\u00bb shape_divider_position=\u00a0\u00bbbottom\u00a0\u00bb&#8230;<\/p>\n","protected":false},"author":1,"featured_media":0,"parent":0,"menu_order":0,"comment_status":"closed","ping_status":"closed","template":"","meta":{"footnotes":""},"class_list":["post-625","page","type-page","status-publish"],"_links":{"self":[{"href":"https:\/\/www.electrans.es\/fr\/wp-json\/wp\/v2\/pages\/625","targetHints":{"allow":["GET"]}}],"collection":[{"href":"https:\/\/www.electrans.es\/fr\/wp-json\/wp\/v2\/pages"}],"about":[{"href":"https:\/\/www.electrans.es\/fr\/wp-json\/wp\/v2\/types\/page"}],"author":[{"embeddable":true,"href":"https:\/\/www.electrans.es\/fr\/wp-json\/wp\/v2\/users\/1"}],"replies":[{"embeddable":true,"href":"https:\/\/www.electrans.es\/fr\/wp-json\/wp\/v2\/comments?post=625"}],"version-history":[{"count":10,"href":"https:\/\/www.electrans.es\/fr\/wp-json\/wp\/v2\/pages\/625\/revisions"}],"predecessor-version":[{"id":5760,"href":"https:\/\/www.electrans.es\/fr\/wp-json\/wp\/v2\/pages\/625\/revisions\/5760"}],"wp:attachment":[{"href":"https:\/\/www.electrans.es\/fr\/wp-json\/wp\/v2\/media?parent=625"}],"curies":[{"name":"wp","href":"https:\/\/api.w.org\/{rel}","templated":true}]}}